{"id":40,"date":"2021-08-05T08:43:57","date_gmt":"2021-08-05T08:43:57","guid":{"rendered":"https:\/\/tamlong.tw.vu\/?page_id=40"},"modified":"2026-01-05T07:59:13","modified_gmt":"2026-01-05T07:59:13","slug":"gioi-thieu","status":"publish","type":"page","link":"https:\/\/tamlong.com\/en\/gioi-thieu\/","title":{"rendered":"Gi\u1edbi thi\u1ec7u"},"content":{"rendered":"<p style=\"text-align: justify\">Ng\u00e0y 05 th\u00e1ng 09 n\u0103m 2000, C\u00f4ng Ty TNHH Ti\u1ebfp V\u1eadn Tam Long \u0111\u01b0\u1ee3c th\u00e0nh l\u1eadp theo gi\u1ea5y ph\u00e9p \u0111\u1ea7u t\u01b0 s\u1ed1 4102002119 do S\u1edf K\u1ebf Ho\u1ea1ch v\u00e0 \u0110\u1ea7u T\u01b0 th\u00e0nh ph\u1ed1 H\u1ed3 Ch\u00ed Minh c\u1ea5p.<\/p>\n<p style=\"text-align: justify\">Tr\u1ea3i qua h\u01a1n 25 n\u0103m x\u00e2y d\u1ef1ng, ph\u00e1t tri\u1ec3n v\u00e0 tr\u01b0\u1edfng th\u00e0nh, C\u00f4ng Ty TNHH Ti\u1ebfp V\u1eadn Tam Long ng\u00e0y c\u00e0ng kh\u1eb3ng \u0111\u1ecbnh \u0111\u01b0\u1ee3c v\u1ecb th\u1ebf c\u1ee7a m\u00ecnh trong th\u1ecb tr\u01b0\u1eddng d\u1ecbch v\u1ee5 logistics c\u0169ng nh\u01b0 l\u00e0 s\u1ef1 l\u1ef1a ch\u1ecdn \u0111\u00e1ng tin c\u1eady c\u1ee7a kh\u00e1ch h\u00e0ng, doanh nghi\u1ec7p \u0111\u1ed1i t\u00e1c.<\/p>\n<h2 style=\"text-align: justify\">V\u0103n ph\u00f2ng H\u1ed3 Ch\u00ed Minh &#8211; Tr\u1ee5 s\u1edf ch\u00ednh<\/h2>\n<p style=\"text-align: justify\">\u00bb \u0110\u1ecba ch\u1ec9: 19 B\u00f9i \u0110\u00ecnh T\u00fay, Ph\u01b0\u1eddng B\u00ecnh Th\u1ea1nh, TP. H\u1ed3 Ch\u00ed Minh, Vi\u1ec7t Nam.<\/p>\n<p style=\"text-align: justify\">\u00bb \u0110i\u1ec7n tho\u1ea1i: (84-28) \u2013 35110851, 35110891, 35113025<\/p>\n<p style=\"text-align: justify\">\u00bb Fax: (84-28) \u2013 35110892, 35110327<\/p>\n<p style=\"text-align: justify\">\u00bb Website: <a href=\"https:\/\/tamlong.com\">https:\/\/tamlong.com<\/a><\/p>\n<p style=\"text-align: justify\">\u00bb Email: kinhdoanh@tamlong.net.vn<\/p>\n<h2 style=\"text-align: justify\">V\u0103n ph\u00f2ng chi nh\u00e1nh B\u00ecnh D\u01b0\u01a1ng<\/h2>\n<p style=\"text-align: justify\">\u00bb \u0110\u1ecba ch\u1ec9: S\u1ed1 3, L\u00f4 F, \u0110\u01b0\u1eddng D4, KDC v\u00e0 TM S\u00f3ng Th\u1ea7n, Ph\u01b0\u1eddng D\u0129 An, Th\u00e0nh Ph\u1ed1 H\u1ed3 Ch\u00ed Minh, Vi\u1ec7t Nam.<\/p>\n<p style=\"text-align: justify\">\u00bb \u0110i\u1ec7n tho\u1ea1i: 0274 3732737<\/p>\n<p style=\"text-align: justify\">\u00bb Fax: 0274 3791119<\/p>\n<h2 style=\"text-align: justify\">V\u0103n ph\u00f2ng \u0111\u1ed9i v\u1eadn t\u1ea3i<\/h2>\n<p>\u00bb \u0110\u1ecba ch\u1ec9 1: S\u1ed1 121\/3, Khu ph\u1ed1 2, Ph\u01b0\u1eddng An Ph\u00fa, Th\u00e0nh ph\u1ed1 H\u1ed3 Ch\u00ed Minh, Vi\u1ec7t Nam.<\/p>\n<p>\u00bb \u0110\u1ecba ch\u1ec9 2: L\u00f4 10+34, Ph\u01b0\u1eddng T\u00e2n Hi\u1ec7p, Th\u00e0nh ph\u1ed1 H\u1ed3 Ch\u00ed Minh, Vi\u1ec7t Nam.<\/p>\n<h2 style=\"text-align: justify\">V\u0103n ph\u00f2ng t\u1ea1i M\u1ef9<\/h2>\n<p>TAM LONG LOGISTICS LLC<\/p>\n<p>5005 NE, 13<sup>TH<\/sup> PL<\/p>\n<p>RENTON, WA 98059 &#8211; 4398, UNITED STATES.<\/p>\n<h2 style=\"text-align: justify\">T\u1ed5ng s\u1ed1 nh\u00e2n vi\u00ean: 120 ng\u01b0\u1eddi<\/h2>\n<h2 style=\"text-align: justify\">C\u00e1c l\u0129nh v\u1ef1c ho\u1ea1t \u0111\u1ed9ng kinh doanh ch\u00ednh:<\/h2>\n<p style=\"text-align: justify\">\u00bb \u0110\u1ea1i l\u00fd khai thu\u00ea H\u1ea3i quan.<\/p>\n<p style=\"text-align: justify\">\u00bb V\u1eadn t\u1ea3i \u0111a ph\u01b0\u01a1ng th\u1ee9c: \u0111\u01b0\u1eddng b\u1ed9, \u0111\u01b0\u1eddng bi\u1ec3n, \u0111\u01b0\u1eddng h\u00e0ng kh\u00f4ng.<\/p>\n<p>\u00bb V\u1eadn t\u1ea3i n\u1ed9i \u0111\u1ecba (b\u1eb1ng xe t\u1ea3i v\u00e0 xe container).<\/p>\n<p style=\"text-align: justify\">\u00bb V\u1eadn chuy\u1ec3n h\u00e0ng d\u1ef1 \u00e1n cho c\u00e1c c\u00f4ng tr\u00ecnh nh\u00e0 m\u00e1y.<\/p>\n<p style=\"text-align: justify\">\u00bb \u0110\u1ea1i l\u00fd c\u01b0\u1edbc t\u00e0u bi\u1ec3n.<\/p>\n<h2 style=\"text-align: justify\">Ph\u01b0\u01a1ng ch\u00e2m ho\u1ea1t \u0111\u1ed9ng<\/h2>\n<p style=\"text-align: justify\">\u00bb \u0110\u00e1p \u1ee9ng c\u00e1c y\u00eau c\u1ea7u c\u1ee7a kh\u00e1ch h\u00e0ng v\u1edbi d\u1ecbch v\u1ee5 t\u1ed1t nh\u1ea5t v\u00e0 gi\u00e1 c\u1ea3 h\u1ee3p l\u00fd.<\/p>\n<p style=\"text-align: justify\">\u00bb Ch\u1ecbu tr\u00e1ch nhi\u1ec7m to\u00e0n b\u1ed9 \u0111\u1ed1i v\u1edbi m\u1ed7i chuy\u1ebfn h\u00e0ng.<\/p>\n<p style=\"text-align: justify\">\u00bb Th\u00f4ng tin th\u01b0\u1eddng xuy\u00ean, \u0111\u1ea7y \u0111\u1ee7 v\u00e0 \u0111\u1ea3m b\u1ea3o l\u1ecbch tr\u00ecnh giao h\u00e0ng nhanh nh\u1ea5t.<\/p>\n","protected":false},"excerpt":{"rendered":"<p>Ng\u00e0y 05 th\u00e1ng 09 n\u0103m 2000, C\u00f4ng Ty TNHH Ti\u1ebfp V\u1eadn Tam Long \u0111\u01b0\u1ee3c th\u00e0nh l\u1eadp theo gi\u1ea5y ph\u00e9p \u0111\u1ea7u t\u01b0 s\u1ed1 4102002119 do S\u1edf K\u1ebf Ho\u1ea1ch v\u00e0 \u0110\u1ea7u T\u01b0 th\u00e0nh ph\u1ed1 H\u1ed3 Ch\u00ed Minh c\u1ea5p. Tr\u1ea3i qua h\u01a1n 25 n\u0103m x\u00e2y d\u1ef1ng, ph\u00e1t tri\u1ec3n v\u00e0 tr\u01b0\u1edfng th\u00e0nh, C\u00f4ng Ty TNHH Ti\u1ebfp V\u1eadn Tam Long [&#8230;]\n","protected":false},"author":2,"featured_media":0,"parent":0,"menu_order":0,"comment_status":"closed","ping_status":"closed","template":"page-right-sidebar.php","meta":{"footnotes":""},"class_list":["post-40","page","type-page","status-publish","hentry"],"_links":{"self":[{"href":"https:\/\/tamlong.com\/en\/wp-json\/wp\/v2\/pages\/40","targetHints":{"allow":["GET"]}}],"collection":[{"href":"https:\/\/tamlong.com\/en\/wp-json\/wp\/v2\/pages"}],"about":[{"href":"https:\/\/tamlong.com\/en\/wp-json\/wp\/v2\/types\/page"}],"author":[{"embeddable":true,"href":"https:\/\/tamlong.com\/en\/wp-json\/wp\/v2\/users\/2"}],"replies":[{"embeddable":true,"href":"https:\/\/tamlong.com\/en\/wp-json\/wp\/v2\/comments?post=40"}],"version-history":[{"count":0,"href":"https:\/\/tamlong.com\/en\/wp-json\/wp\/v2\/pages\/40\/revisions"}],"wp:attachment":[{"href":"https:\/\/tamlong.com\/en\/wp-json\/wp\/v2\/media?parent=40"}],"curies":[{"name":"wp","href":"https:\/\/api.w.org\/{rel}","templated":true}]}}